{"id":3246,"date":"2026-03-19T10:17:12","date_gmt":"2026-03-19T10:17:12","guid":{"rendered":"https:\/\/dev.norddesign.se\/?page_id=3246"},"modified":"2026-03-20T14:29:20","modified_gmt":"2026-03-20T14:29:20","slug":"test","status":"publish","type":"page","link":"https:\/\/dev.norddesign.se\/","title":{"rendered":"Startsida"},"content":{"rendered":"\t\t<div data-elementor-type=\"wp-post\" data-elementor-id=\"3246\" class=\"elementor elementor-3246\" data-elementor-post-type=\"page\">\n\t\t\t\t\t\t<div class=\"elementor-element elementor-element-3564db4 e-con e-atomic-element e-div-block-base e-3564db4-5f3dc83\" data-id=\"3564db4\" data-element_type=\"e-div-block\" data-e-type=\"e-div-block\" data-interaction-id=\"3564db4\" data-e-type=\"e-div-block\" data-id=\"3564db4\">\n\t\t\t\t\t\t\t<h2 \n\t\tdata-interaction-id=\"ef3cbb3\" \n\t\tclass=\"White xxxlarge Garamond e-heading-base\" \n\t\t \n\t\tdata-e-type=\"widget\" data-id=\"ef3cbb3\"\n\t>\n\t\n\t\t\tSkr\u00e4ddarsydda k\u00f6ksl\u00f6sningar\n\t\t<\/h2>\n\t\t\t\t\t\t\t<h2 \n\t\tdata-interaction-id=\"0dfe00e\" \n\t\tclass=\"White Manrope small e-0dfe00e-7094095 e-heading-base\" \n\t\t \n\t\tdata-e-type=\"widget\" data-id=\"0dfe00e\"\n\t>\n\t\n\t\t\tSVENSKTILLVERKAT SEDAN 1980\n\t\t<\/h2>\n\t\t\t\t\t    \t            <a\n            href=\"https:\/\/dev.norddesign.se\/index.php\/test-2\/\" target=\"_self\"\n            class=\"button-blue White e-cbd29c2-ec7354b xsmall e-button-base\"\n            data-interaction-id=\"cbd29c2\"\n             data-e-type=\"widget\" data-id=\"cbd29c2\"\n        >\n            BOKA DESIGNM\u00d6TE\n        <\/a>\n    \t\t\t\t<\/div>\n\t\t<div class=\"elementor-element elementor-element-7a268ef e-flex e-con-boxed e-con e-parent\" data-id=\"7a268ef\" data-element_type=\"container\" data-e-type=\"container\">\n\t\t\t\t\t<div class=\"e-con-inner\">\n\t\t\t\t\t<\/div>\n\t\t\t\t<\/div>\n\t\t\t\t<\/div>\n\t\t","protected":false},"excerpt":{"rendered":"<p>Skr\u00e4ddarsydda k\u00f6ksl\u00f6sningar SVENSKTILLVERKAT SEDAN 1980 BOKA DESIGNM\u00d6TE<\/p>\n","protected":false},"author":1,"featured_media":0,"parent":0,"menu_order":0,"comment_status":"closed","ping_status":"closed","template":"elementor_header_footer","meta":{"_angie_page":false,"footnotes":""},"class_list":["post-3246","page","type-page","status-publish","hentry"],"blocksy_meta":[],"_links":{"self":[{"href":"https:\/\/dev.norddesign.se\/index.php\/wp-json\/wp\/v2\/pages\/3246","targetHints":{"allow":["GET"]}}],"collection":[{"href":"https:\/\/dev.norddesign.se\/index.php\/wp-json\/wp\/v2\/pages"}],"about":[{"href":"https:\/\/dev.norddesign.se\/index.php\/wp-json\/wp\/v2\/types\/page"}],"author":[{"embeddable":true,"href":"https:\/\/dev.norddesign.se\/index.php\/wp-json\/wp\/v2\/users\/1"}],"replies":[{"embeddable":true,"href":"https:\/\/dev.norddesign.se\/index.php\/wp-json\/wp\/v2\/comments?post=3246"}],"version-history":[{"count":155,"href":"https:\/\/dev.norddesign.se\/index.php\/wp-json\/wp\/v2\/pages\/3246\/revisions"}],"predecessor-version":[{"id":3545,"href":"https:\/\/dev.norddesign.se\/index.php\/wp-json\/wp\/v2\/pages\/3246\/revisions\/3545"}],"wp:attachment":[{"href":"https:\/\/dev.norddesign.se\/index.php\/wp-json\/wp\/v2\/media?parent=3246"}],"curies":[{"name":"wp","href":"https:\/\/api.w.org\/{rel}","templated":true}]}}